{"id":1335,"date":"2018-05-15T00:00:41","date_gmt":"2018-05-14T22:00:41","guid":{"rendered":"http:\/\/its-norway.no\/?page_id=1335"},"modified":"2025-02-14T12:45:35","modified_gmt":"2025-02-14T11:45:35","slug":"personvern","status":"publish","type":"page","link":"https:\/\/its-norway.no\/en\/personvern\/","title":{"rendered":"Personvern"},"content":{"rendered":"\n<p><strong>Cookies og analyseverkt\u00f8y<\/strong><br>Vi bruker cookies p\u00e5 v\u00e5re nettsider for \u00e5 sikre grunnleggende funksjonalitet og for \u00e5 samle inn anonymiserte data om brukeradferd. Dette inkluderer n\u00f8dvendige cookies for \u00e5 sikre sidens funksjonalitet, samt analytiske cookies via Google Analytics som hjelper oss med \u00e5 forst\u00e5 hvordan nettstedet brukes.<\/p>\n\n\n\n<p>Google Analytics kan samle inn informasjon som IP-adresse, bes\u00f8kte sider, varighet p\u00e5 nettsiden og hvilken type enhet du bruker. Dataene brukes til \u00e5 analysere bruksm\u00f8nstre og forbedre innholdet p\u00e5 v\u00e5re sider. Du kan lese mer om hvordan Google behandler dataene sine <a>her<\/a>.<\/p>\n\n\n\n<p>Du har mulighet til \u00e5 administrere og samtykke til bruk av cookies via v\u00e5rt cookie-banner. Preferanser kan endres n\u00e5r som helst.<\/p>\n\n\n\n<p><strong>Medlemsregistreringsskjema<\/strong><br>N\u00e5r du fyller ut v\u00e5rt medlemsregistreringsskjema, samler vi inn personopplysninger som navn, e-postadresse og telefonnummer. Disse opplysningene brukes til \u00e5 administrere ditt medlemskap i ITS Norway og til \u00e5 informere om v\u00e5re tjenester. Opplysningene deles ikke med tredjeparter uten ditt samtykke.<\/p>\n\n\n\n<p>Dataene lagres s\u00e5 lenge det er n\u00f8dvendig for \u00e5 oppfylle form\u00e5let med medlemsadministrasjonen og i samsvar med gjeldende lovgivning.<\/p>\n\n\n\n<p><strong>Behandling av personopplysninger<\/strong><br>ITS Norway har sitt sekretariat hos Tekna, noe som inneb\u00e6rer hjelp til administrasjon av kursdeltakelser, markedsf\u00f8ring av kurs, medlemsdatabase og l\u00f8pende drift. Behandling av personopplysningene i ITS Norway omfattes av beskrivelsene gitt i <a href=\"#\">Teknas personvernerkl\u00e6ring<\/a>.<\/p>\n\n\n\n      <!-- Content when there are items -->\n          <div\n        class=\"px-2 lg:px-0 lg:pl-5 lg:pr-2 py-2 flex-nowrap bg-secondaryOrange-100 rounded-xl justify-start items-center gap-4 flex group w-fit\">\n        <a href=\"https:\/\/www.tekna.no\/personvern\/\"\n          class=\"group flex items-center text-ellipsis justify-between gap-4 w-full text-center text-blue-950 text-2xl font-medium leading-[28.80px]\">\n          <span class=\"text-left text-sm md:text-lg text-primaryDarkBlue-200 line-clamp-1 w-fit\">\n                          Teknas personvernerkl\u00e6ring                      <\/span>\n\n          <div class=\"flex items-center justify-center w-9 h-9 rounded-2xl bg-secondaryOrange-600 rounded-2x p-2 text-white\">\n            <div class=\"group-hover:translate-x-1 transition-all duration-300\">\n              <svg width=\"20\" height=\"18.33\" viewBox=\"0 0 20 20\" fill=\"none\" xmlns=\"http:\/\/www.w3.org\/2000\/svg\">\n    <g clip-path=\"url(#clip0_6936_68)\">\n        <path\n            d=\"M11.5082 1.14942C10.8057 0.681468 9.85872 0.862612 9.38526 1.557C8.9118 2.25139 9.09507 3.1873 9.79763 3.65526C12.2566 5.30065 14.5704 7.20267 15.8687 8.55371H1.5273C0.687285 8.55371 0 9.233 0 10.0632C0 10.8935 0.687285 11.5728 1.5273 11.5728H15.8534C14.5552 12.9389 12.249 14.8334 9.79763 16.4712C9.09507 16.9392 8.9118 17.8751 9.38526 18.5695C9.68309 18.9997 10.1642 19.2337 10.6529 19.2337C10.9431 19.2337 11.2409 19.1507 11.5082 18.9771C14.6774 16.8637 19.9924 12.8861 19.9924 10.0708C19.9924 7.2555 14.6774 3.27032 11.5082 1.14942Z\"\n            fill=\"currentColor\" \/>\n    <\/g>\n    <defs>\n        <clipPath id=\"clip0_6936_68\">\n            <rect width=\"20\" height=\"18.3333\" fill=\"white\" transform=\"translate(0 0.892578)\" \/>\n        <\/clipPath>\n    <\/defs>\n<\/svg>\n            <\/div>\n          <\/div>\n        <\/a>\n      <\/div>\n      ","protected":false},"excerpt":{"rendered":"<p>Cookies og analyseverkt\u00f8yVi bruker cookies p\u00e5 v\u00e5re nettsider for \u00e5 sikre grunnleggende funksjonalitet og for \u00e5 samle inn anonymiserte data&#8230;<\/p>\n","protected":false},"author":1,"featured_media":0,"parent":0,"menu_order":0,"comment_status":"closed","ping_status":"closed","template":"","meta":{"_acf_changed":false,"footnotes":""},"class_list":["post-1335","page","type-page","status-publish","hentry"],"acf":[],"yoast_head":"<!-- This site is optimized with the Yoast SEO plugin v27.3 - https:\/\/yoast.com\/product\/yoast-seo-wordpress\/ -->\n<title>Personvern - ITS Norway<\/title>\n<meta name=\"robots\" content=\"index, follow, max-snippet:-1, max-image-preview:large, max-video-preview:-1\" \/>\n<link rel=\"canonical\" href=\"https:\/\/its-norway.no\/en\/personvern\/\" \/>\n<meta property=\"og:locale\" content=\"en_US\" \/>\n<meta property=\"og:type\" content=\"article\" \/>\n<meta property=\"og:title\" content=\"Personvern - ITS Norway\" \/>\n<meta property=\"og:description\" content=\"Cookies og analyseverkt\u00f8yVi bruker cookies p\u00e5 v\u00e5re nettsider for \u00e5 sikre grunnleggende funksjonalitet og for \u00e5 samle inn anonymiserte data...\" \/>\n<meta property=\"og:url\" content=\"https:\/\/its-norway.no\/en\/personvern\/\" \/>\n<meta property=\"og:site_name\" content=\"ITS Norway\" \/>\n<meta property=\"article:modified_time\" content=\"2025-02-14T11:45:35+00:00\" \/>\n<meta name=\"twitter:card\" content=\"summary_large_image\" \/>\n<meta name=\"twitter:label1\" content=\"Est. reading time\" \/>\n\t<meta name=\"twitter:data1\" content=\"2 minutes\" \/>\n<script type=\"application\/ld+json\" class=\"yoast-schema-graph\">{\"@context\":\"https:\\\/\\\/schema.org\",\"@graph\":[{\"@type\":\"WebPage\",\"@id\":\"https:\\\/\\\/its-norway.no\\\/en\\\/personvern\\\/\",\"url\":\"https:\\\/\\\/its-norway.no\\\/en\\\/personvern\\\/\",\"name\":\"Personvern - ITS Norway\",\"isPartOf\":{\"@id\":\"https:\\\/\\\/its-norway.no\\\/en\\\/#website\"},\"datePublished\":\"2018-05-14T22:00:41+00:00\",\"dateModified\":\"2025-02-14T11:45:35+00:00\",\"breadcrumb\":{\"@id\":\"https:\\\/\\\/its-norway.no\\\/en\\\/personvern\\\/#breadcrumb\"},\"inLanguage\":\"en-US\",\"potentialAction\":[{\"@type\":\"ReadAction\",\"target\":[\"https:\\\/\\\/its-norway.no\\\/en\\\/personvern\\\/\"]}]},{\"@type\":\"BreadcrumbList\",\"@id\":\"https:\\\/\\\/its-norway.no\\\/en\\\/personvern\\\/#breadcrumb\",\"itemListElement\":[{\"@type\":\"ListItem\",\"position\":1,\"name\":\"Hjem\",\"item\":\"https:\\\/\\\/its-norway.no\\\/en\\\/\"},{\"@type\":\"ListItem\",\"position\":2,\"name\":\"Personvern\"}]},{\"@type\":\"WebSite\",\"@id\":\"https:\\\/\\\/its-norway.no\\\/en\\\/#website\",\"url\":\"https:\\\/\\\/its-norway.no\\\/en\\\/\",\"name\":\"ITS Norway\",\"description\":\"Intelligente transportsystemer\",\"potentialAction\":[{\"@type\":\"SearchAction\",\"target\":{\"@type\":\"EntryPoint\",\"urlTemplate\":\"https:\\\/\\\/its-norway.no\\\/en\\\/?s={search_term_string}\"},\"query-input\":{\"@type\":\"PropertyValueSpecification\",\"valueRequired\":true,\"valueName\":\"search_term_string\"}}],\"inLanguage\":\"en-US\"}]}<\/script>\n<!-- \/ Yoast SEO plugin. -->","yoast_head_json":{"title":"Personvern - ITS Norway","robots":{"index":"index","follow":"follow","max-snippet":"max-snippet:-1","max-image-preview":"max-image-preview:large","max-video-preview":"max-video-preview:-1"},"canonical":"https:\/\/its-norway.no\/en\/personvern\/","og_locale":"en_US","og_type":"article","og_title":"Personvern - ITS Norway","og_description":"Cookies og analyseverkt\u00f8yVi bruker cookies p\u00e5 v\u00e5re nettsider for \u00e5 sikre grunnleggende funksjonalitet og for \u00e5 samle inn anonymiserte data...","og_url":"https:\/\/its-norway.no\/en\/personvern\/","og_site_name":"ITS Norway","article_modified_time":"2025-02-14T11:45:35+00:00","twitter_card":"summary_large_image","twitter_misc":{"Est. reading time":"2 minutes"},"schema":{"@context":"https:\/\/schema.org","@graph":[{"@type":"WebPage","@id":"https:\/\/its-norway.no\/en\/personvern\/","url":"https:\/\/its-norway.no\/en\/personvern\/","name":"Personvern - ITS Norway","isPartOf":{"@id":"https:\/\/its-norway.no\/en\/#website"},"datePublished":"2018-05-14T22:00:41+00:00","dateModified":"2025-02-14T11:45:35+00:00","breadcrumb":{"@id":"https:\/\/its-norway.no\/en\/personvern\/#breadcrumb"},"inLanguage":"en-US","potentialAction":[{"@type":"ReadAction","target":["https:\/\/its-norway.no\/en\/personvern\/"]}]},{"@type":"BreadcrumbList","@id":"https:\/\/its-norway.no\/en\/personvern\/#breadcrumb","itemListElement":[{"@type":"ListItem","position":1,"name":"Hjem","item":"https:\/\/its-norway.no\/en\/"},{"@type":"ListItem","position":2,"name":"Personvern"}]},{"@type":"WebSite","@id":"https:\/\/its-norway.no\/en\/#website","url":"https:\/\/its-norway.no\/en\/","name":"ITS Norway","description":"Intelligente transportsystemer","potentialAction":[{"@type":"SearchAction","target":{"@type":"EntryPoint","urlTemplate":"https:\/\/its-norway.no\/en\/?s={search_term_string}"},"query-input":{"@type":"PropertyValueSpecification","valueRequired":true,"valueName":"search_term_string"}}],"inLanguage":"en-US"}]}},"_links":{"self":[{"href":"https:\/\/its-norway.no\/en\/wp-json\/wp\/v2\/pages\/1335","targetHints":{"allow":["GET"]}}],"collection":[{"href":"https:\/\/its-norway.no\/en\/wp-json\/wp\/v2\/pages"}],"about":[{"href":"https:\/\/its-norway.no\/en\/wp-json\/wp\/v2\/types\/page"}],"author":[{"embeddable":true,"href":"https:\/\/its-norway.no\/en\/wp-json\/wp\/v2\/users\/1"}],"replies":[{"embeddable":true,"href":"https:\/\/its-norway.no\/en\/wp-json\/wp\/v2\/comments?post=1335"}],"version-history":[{"count":26,"href":"https:\/\/its-norway.no\/en\/wp-json\/wp\/v2\/pages\/1335\/revisions"}],"predecessor-version":[{"id":10726,"href":"https:\/\/its-norway.no\/en\/wp-json\/wp\/v2\/pages\/1335\/revisions\/10726"}],"wp:attachment":[{"href":"https:\/\/its-norway.no\/en\/wp-json\/wp\/v2\/media?parent=1335"}],"curies":[{"name":"wp","href":"https:\/\/api.w.org\/{rel}","templated":true}]}}