{"id":2588,"date":"2021-01-09T13:44:19","date_gmt":"2021-01-09T12:44:19","guid":{"rendered":"https:\/\/its-norway.no\/?page_id=2588"},"modified":"2024-02-14T09:57:16","modified_gmt":"2024-02-14T08:57:16","slug":"maritim-its","status":"publish","type":"page","link":"https:\/\/its-norway.no\/en\/maritim-its\/","title":{"rendered":"Maritim ITS"},"content":{"rendered":"\n<div class=\"wp-block-columns is-layout-flex wp-container-core-columns-is-layout-9d6595d7 wp-block-columns-is-layout-flex\">\n<div class=\"wp-block-column is-layout-flow wp-block-column-is-layout-flow\">\n<p>Maritim ITS representerer en transformativ tiln\u00e6rming til \u00e5 administrere og optimalisere kompleksiteten til sj\u00f8transport. Fra intelligente navigasjonssystemer til avanserte kommunikasjonsnettverk, fra fart\u00f8ystrafikkstyring til smarte havner \u2013 teknologien spiller en sentral rolle for \u00e5 revolusjonere det maritime landskapet.<\/p>\n<\/div>\n\n\n\n<div class=\"wp-block-column is-layout-flow wp-block-column-is-layout-flow\">\n<p>Bli med oss p\u00e5 en reise hvor datadrevne l\u00f8sninger, automatisering, standardisering og smart infrastruktur m\u00f8tes for \u00e5 gj\u00f8re maritime operasjoner smartere, sikrere og mer b\u00e6rekraftig.<\/p>\n\n\n\n<p>Utforsk hvordan ITS former den maritime industrien \u2013 naviger havet med ITS!<\/p>\n<\/div>\n<\/div>\n","protected":false},"excerpt":{"rendered":"<p>Maritim ITS representerer en transformativ tiln\u00e6rming til \u00e5 administrere og optimalisere kompleksiteten til sj\u00f8transport. Fra intelligente navigasjonssystemer til avanserte kommunikasjonsnettverk,&#8230;<\/p>\n","protected":false},"author":4,"featured_media":0,"parent":0,"menu_order":1,"comment_status":"closed","ping_status":"closed","template":"","meta":{"_acf_changed":false,"footnotes":""},"class_list":["post-2588","page","type-page","status-publish","hentry"],"acf":[],"yoast_head":"<!-- This site is optimized with the Yoast SEO plugin v27.3 - https:\/\/yoast.com\/product\/yoast-seo-wordpress\/ -->\n<title>Maritim ITS - ITS Norway<\/title>\n<meta name=\"robots\" content=\"index, follow, max-snippet:-1, max-image-preview:large, max-video-preview:-1\" \/>\n<link rel=\"canonical\" href=\"https:\/\/its-norway.no\/en\/maritim-its\/\" \/>\n<meta property=\"og:locale\" content=\"en_US\" \/>\n<meta property=\"og:type\" content=\"article\" \/>\n<meta property=\"og:title\" content=\"Maritim ITS - ITS Norway\" \/>\n<meta property=\"og:description\" content=\"Maritim ITS representerer en transformativ tiln\u00e6rming til \u00e5 administrere og optimalisere kompleksiteten til sj\u00f8transport. Fra intelligente navigasjonssystemer til avanserte kommunikasjonsnettverk,...\" \/>\n<meta property=\"og:url\" content=\"https:\/\/its-norway.no\/en\/maritim-its\/\" \/>\n<meta property=\"og:site_name\" content=\"ITS Norway\" \/>\n<meta property=\"article:modified_time\" content=\"2024-02-14T08:57:16+00:00\" \/>\n<meta name=\"twitter:card\" content=\"summary_large_image\" \/>\n<meta name=\"twitter:label1\" content=\"Est. reading time\" \/>\n\t<meta name=\"twitter:data1\" content=\"1 minute\" \/>\n<script type=\"application\/ld+json\" class=\"yoast-schema-graph\">{\"@context\":\"https:\\\/\\\/schema.org\",\"@graph\":[{\"@type\":\"WebPage\",\"@id\":\"https:\\\/\\\/its-norway.no\\\/en\\\/maritim-its\\\/\",\"url\":\"https:\\\/\\\/its-norway.no\\\/en\\\/maritim-its\\\/\",\"name\":\"Maritim ITS - ITS Norway\",\"isPartOf\":{\"@id\":\"https:\\\/\\\/its-norway.no\\\/en\\\/#website\"},\"datePublished\":\"2021-01-09T12:44:19+00:00\",\"dateModified\":\"2024-02-14T08:57:16+00:00\",\"breadcrumb\":{\"@id\":\"https:\\\/\\\/its-norway.no\\\/en\\\/maritim-its\\\/#breadcrumb\"},\"inLanguage\":\"en-US\",\"potentialAction\":[{\"@type\":\"ReadAction\",\"target\":[\"https:\\\/\\\/its-norway.no\\\/en\\\/maritim-its\\\/\"]}]},{\"@type\":\"BreadcrumbList\",\"@id\":\"https:\\\/\\\/its-norway.no\\\/en\\\/maritim-its\\\/#breadcrumb\",\"itemListElement\":[{\"@type\":\"ListItem\",\"position\":1,\"name\":\"Hjem\",\"item\":\"https:\\\/\\\/its-norway.no\\\/en\\\/\"},{\"@type\":\"ListItem\",\"position\":2,\"name\":\"Maritim ITS\"}]},{\"@type\":\"WebSite\",\"@id\":\"https:\\\/\\\/its-norway.no\\\/en\\\/#website\",\"url\":\"https:\\\/\\\/its-norway.no\\\/en\\\/\",\"name\":\"ITS Norway\",\"description\":\"Intelligente transportsystemer\",\"potentialAction\":[{\"@type\":\"SearchAction\",\"target\":{\"@type\":\"EntryPoint\",\"urlTemplate\":\"https:\\\/\\\/its-norway.no\\\/en\\\/?s={search_term_string}\"},\"query-input\":{\"@type\":\"PropertyValueSpecification\",\"valueRequired\":true,\"valueName\":\"search_term_string\"}}],\"inLanguage\":\"en-US\"}]}<\/script>\n<!-- \/ Yoast SEO plugin. -->","yoast_head_json":{"title":"Maritim ITS - ITS Norway","robots":{"index":"index","follow":"follow","max-snippet":"max-snippet:-1","max-image-preview":"max-image-preview:large","max-video-preview":"max-video-preview:-1"},"canonical":"https:\/\/its-norway.no\/en\/maritim-its\/","og_locale":"en_US","og_type":"article","og_title":"Maritim ITS - ITS Norway","og_description":"Maritim ITS representerer en transformativ tiln\u00e6rming til \u00e5 administrere og optimalisere kompleksiteten til sj\u00f8transport. Fra intelligente navigasjonssystemer til avanserte kommunikasjonsnettverk,...","og_url":"https:\/\/its-norway.no\/en\/maritim-its\/","og_site_name":"ITS Norway","article_modified_time":"2024-02-14T08:57:16+00:00","twitter_card":"summary_large_image","twitter_misc":{"Est. reading time":"1 minute"},"schema":{"@context":"https:\/\/schema.org","@graph":[{"@type":"WebPage","@id":"https:\/\/its-norway.no\/en\/maritim-its\/","url":"https:\/\/its-norway.no\/en\/maritim-its\/","name":"Maritim ITS - ITS Norway","isPartOf":{"@id":"https:\/\/its-norway.no\/en\/#website"},"datePublished":"2021-01-09T12:44:19+00:00","dateModified":"2024-02-14T08:57:16+00:00","breadcrumb":{"@id":"https:\/\/its-norway.no\/en\/maritim-its\/#breadcrumb"},"inLanguage":"en-US","potentialAction":[{"@type":"ReadAction","target":["https:\/\/its-norway.no\/en\/maritim-its\/"]}]},{"@type":"BreadcrumbList","@id":"https:\/\/its-norway.no\/en\/maritim-its\/#breadcrumb","itemListElement":[{"@type":"ListItem","position":1,"name":"Hjem","item":"https:\/\/its-norway.no\/en\/"},{"@type":"ListItem","position":2,"name":"Maritim ITS"}]},{"@type":"WebSite","@id":"https:\/\/its-norway.no\/en\/#website","url":"https:\/\/its-norway.no\/en\/","name":"ITS Norway","description":"Intelligente transportsystemer","potentialAction":[{"@type":"SearchAction","target":{"@type":"EntryPoint","urlTemplate":"https:\/\/its-norway.no\/en\/?s={search_term_string}"},"query-input":{"@type":"PropertyValueSpecification","valueRequired":true,"valueName":"search_term_string"}}],"inLanguage":"en-US"}]}},"_links":{"self":[{"href":"https:\/\/its-norway.no\/en\/wp-json\/wp\/v2\/pages\/2588","targetHints":{"allow":["GET"]}}],"collection":[{"href":"https:\/\/its-norway.no\/en\/wp-json\/wp\/v2\/pages"}],"about":[{"href":"https:\/\/its-norway.no\/en\/wp-json\/wp\/v2\/types\/page"}],"author":[{"embeddable":true,"href":"https:\/\/its-norway.no\/en\/wp-json\/wp\/v2\/users\/4"}],"replies":[{"embeddable":true,"href":"https:\/\/its-norway.no\/en\/wp-json\/wp\/v2\/comments?post=2588"}],"version-history":[{"count":36,"href":"https:\/\/its-norway.no\/en\/wp-json\/wp\/v2\/pages\/2588\/revisions"}],"predecessor-version":[{"id":8134,"href":"https:\/\/its-norway.no\/en\/wp-json\/wp\/v2\/pages\/2588\/revisions\/8134"}],"wp:attachment":[{"href":"https:\/\/its-norway.no\/en\/wp-json\/wp\/v2\/media?parent=2588"}],"curies":[{"name":"wp","href":"https:\/\/api.w.org\/{rel}","templated":true}]}}