{"id":2687,"date":"2021-01-10T19:09:31","date_gmt":"2021-01-10T18:09:31","guid":{"rendered":"https:\/\/its-norway.no\/?page_id=2687"},"modified":"2025-01-15T15:10:41","modified_gmt":"2025-01-15T14:10:41","slug":"nordic-mobility","status":"publish","type":"page","link":"https:\/\/its-norway.no\/en\/medlemskap-i-its-norge\/nordic-mobility\/","title":{"rendered":"Nordic+ Mobility Ecosystems \u2013 Den mest integrerte og b\u00e6rekraftige regionen i verden"},"content":{"rendered":"\n<div class=\"wp-block-columns is-layout-flex wp-container-core-columns-is-layout-9d6595d7 wp-block-columns-is-layout-flex\">\n<div class=\"wp-block-column is-layout-flow wp-block-column-is-layout-flow\">\n      <div class=\"grid grid-cols-1 lg:grid-cols-2 gap-14 items-center h-full lg:py-16\">\n\n              <div class=\"order-1 lg:order-2 rounded-2.5xl overflow-hidden\">\n          <img decoding=\"async\" src=\"https:\/\/its-norway.no\/wp-content\/uploads\/2023\/04\/Nordic-with-slogan_Dark-background.jpg\" alt=\"Image\" class=\"mx-auto lg:mx-none\">\n        <\/div>\n      \n              <div class=\"order-2 lg:order-1 txt-img-lr flex flex-col gap-4\">\n          \n                      <div class=\"font-normal text-sm lg:text-base space-y-4 leading-[140%] tracking-[0.01em]\">\n              <p>Nordic+ Mobility Ecosystem utgj\u00f8r de n\u00e5v\u00e6rende nordiske ITS-medlemsforeningene ITS Norway, ITS Finland, ITS Danmark, ITS Sverige og ITS Island, i tillegg til ITS Estland. M\u00e5let er \u00e5 etablere et permanent nettverk for mobilitet som fortsetter etter 2030 for n\u00e5v\u00e6rende og fremtidige mobilitets- og tiltaksprosjekter. Nordic+ Mobility Ecosystem vil bidra til \u00e5 n\u00e5 r\u00e5dets m\u00e5l gjennom \u00e5 innovere og demonstrere ITS, samt datadeling p\u00e5 tvers av moduser og grenser i den nordiske regionen.<\/p>\n            <\/div>\n                  <\/div>\n          <\/div>\n  <\/div>\n<\/div>\n\n\n\n      <div class=\"grid grid-cols-1 lg:grid-cols-2 gap-14 items-center h-full lg:py-16\">\n\n              <div class=\"order-2 lg:order-1 txt-img-lr flex flex-col gap-4\">\n                      <h2 class=\"text-lg lg:text-xl2 leading-7 lg:leading-[38.4px] text-primaryDarkBlue-200 font-medium mb-4\">\n              Dette vil bli oppn\u00e5dd gjennom f\u00f8lgende tiltak:            <\/h2>\n          \n                      <div class=\"order-1 lg:order-2 font-normal text-sm lg:text-base leading-[140%] tracking-[0.01em] space-y-4\">\n            <ul>\n<li>Tilrettelegge for tematiske workshops med fokus p\u00e5 datadeling og digitalisering.<\/li>\n<li>Etablere en nordisk industriarena for innovasjon.<\/li>\n<li>Sette i gang prosjekter og programmer basert p\u00e5 innovasjon og ettersp\u00f8rsel.<\/li>\n<li>Tiltrekke investorer og jobbe med finansieringsmekanismer.<\/li>\n<li>Merkevareaktiviteter, en felles Nordic+ paviljong\/stand.<\/li>\n<li>Muliggj\u00f8re utbredt samarbeid og kunnskapsdeling p\u00e5 tvers av landegrenser og domener.<\/li>\n<\/ul>\n            <\/div>\n                  <\/div>\n      \n              <div class=\"rounded-2.5xl overflow-hidden\">\n          <img decoding=\"async\" src=\"https:\/\/its-norway.no\/wp-content\/uploads\/2023\/04\/Nordic.png\"  alt=\"Image\" class=\"mx-auto lg:mx-none\">\n        <\/div>\n          <\/div>\n  \n\n\n<div class=\"wp-block-columns is-layout-flex wp-container-core-columns-is-layout-9d6595d7 wp-block-columns-is-layout-flex\">\n<div class=\"wp-block-column is-layout-flow wp-block-column-is-layout-flow\">\n<p>De kombinerte nordiske ITS-foreninger teller 400 medlemmer og vil danne grunnlaget for dette initiativet. Medlemmene i nettverket inkluderer representanter fra industri og leverand\u00f8rer, transportbyr\u00e5er, byer og akademia. I tillegg er de nordiske ITS-foreningene medlemmer av andre nettverk, herunder ITS Nationals med 2000 medlemmer over hele Europa og ERTICO med en medlemsbase i bilindustrien og en dyp tilknytning til EU-kommisjonen.<\/p>\n<\/div>\n\n\n\n<div class=\"wp-block-column is-layout-flow wp-block-column-is-layout-flow\">\n<p>Sist, men ikke minst, gjennom solid samarbeid med Nordic Innovation og enheter som eksportbyr\u00e5er, Business Finland og Business Sweden, vil \u00f8kosystemet v\u00e6re en perfekt lekeplass for \u00e5 promotere Nordic+-industrien.<\/p>\n<\/div>\n<\/div>\n","protected":false},"excerpt":{"rendered":"<p>De kombinerte nordiske ITS-foreninger teller 400 medlemmer og vil danne grunnlaget for dette initiativet. Medlemmene i nettverket inkluderer representanter fra&#8230;<\/p>\n","protected":false},"author":11,"featured_media":0,"parent":287,"menu_order":0,"comment_status":"closed","ping_status":"closed","template":"","meta":{"_acf_changed":false,"footnotes":""},"class_list":["post-2687","page","type-page","status-publish","hentry"],"acf":[],"yoast_head":"<!-- This site is optimized with the Yoast SEO plugin v27.3 - https:\/\/yoast.com\/product\/yoast-seo-wordpress\/ -->\n<title>Nordic+ Mobility Ecosystems \u2013 Den mest integrerte og b\u00e6rekraftige regionen i verden - ITS Norway<\/title>\n<meta name=\"robots\" content=\"index, follow, max-snippet:-1, max-image-preview:large, max-video-preview:-1\" \/>\n<link rel=\"canonical\" href=\"https:\/\/its-norway.no\/en\/medlemskap-i-its-norge\/nordic-mobility\/\" \/>\n<meta property=\"og:locale\" content=\"en_US\" \/>\n<meta property=\"og:type\" content=\"article\" \/>\n<meta property=\"og:title\" content=\"Nordic+ Mobility Ecosystems \u2013 Den mest integrerte og b\u00e6rekraftige regionen i verden - ITS Norway\" \/>\n<meta property=\"og:description\" content=\"De kombinerte nordiske ITS-foreninger teller 400 medlemmer og vil danne grunnlaget for dette initiativet. Medlemmene i nettverket inkluderer representanter fra...\" \/>\n<meta property=\"og:url\" content=\"https:\/\/its-norway.no\/en\/medlemskap-i-its-norge\/nordic-mobility\/\" \/>\n<meta property=\"og:site_name\" content=\"ITS Norway\" \/>\n<meta property=\"article:modified_time\" content=\"2025-01-15T14:10:41+00:00\" \/>\n<meta name=\"twitter:card\" content=\"summary_large_image\" \/>\n<meta name=\"twitter:label1\" content=\"Est. reading time\" \/>\n\t<meta name=\"twitter:data1\" content=\"1 minute\" \/>\n<script type=\"application\/ld+json\" class=\"yoast-schema-graph\">{\"@context\":\"https:\\\/\\\/schema.org\",\"@graph\":[{\"@type\":\"WebPage\",\"@id\":\"https:\\\/\\\/its-norway.no\\\/en\\\/medlemskap-i-its-norge\\\/nordic-mobility\\\/\",\"url\":\"https:\\\/\\\/its-norway.no\\\/en\\\/medlemskap-i-its-norge\\\/nordic-mobility\\\/\",\"name\":\"Nordic+ Mobility Ecosystems \u2013 Den mest integrerte og b\u00e6rekraftige regionen i verden - ITS Norway\",\"isPartOf\":{\"@id\":\"https:\\\/\\\/its-norway.no\\\/en\\\/#website\"},\"datePublished\":\"2021-01-10T18:09:31+00:00\",\"dateModified\":\"2025-01-15T14:10:41+00:00\",\"breadcrumb\":{\"@id\":\"https:\\\/\\\/its-norway.no\\\/en\\\/medlemskap-i-its-norge\\\/nordic-mobility\\\/#breadcrumb\"},\"inLanguage\":\"en-US\",\"potentialAction\":[{\"@type\":\"ReadAction\",\"target\":[\"https:\\\/\\\/its-norway.no\\\/en\\\/medlemskap-i-its-norge\\\/nordic-mobility\\\/\"]}]},{\"@type\":\"BreadcrumbList\",\"@id\":\"https:\\\/\\\/its-norway.no\\\/en\\\/medlemskap-i-its-norge\\\/nordic-mobility\\\/#breadcrumb\",\"itemListElement\":[{\"@type\":\"ListItem\",\"position\":1,\"name\":\"Hjem\",\"item\":\"https:\\\/\\\/its-norway.no\\\/en\\\/\"},{\"@type\":\"ListItem\",\"position\":2,\"name\":\"Bli medlem i ITS Norway\",\"item\":\"https:\\\/\\\/its-norway.no\\\/en\\\/medlemskap-i-its-norge\\\/\"},{\"@type\":\"ListItem\",\"position\":3,\"name\":\"Nordic+ Mobility Ecosystems \u2013 Den mest integrerte og b\u00e6rekraftige regionen i verden\"}]},{\"@type\":\"WebSite\",\"@id\":\"https:\\\/\\\/its-norway.no\\\/en\\\/#website\",\"url\":\"https:\\\/\\\/its-norway.no\\\/en\\\/\",\"name\":\"ITS Norway\",\"description\":\"Intelligente transportsystemer\",\"potentialAction\":[{\"@type\":\"SearchAction\",\"target\":{\"@type\":\"EntryPoint\",\"urlTemplate\":\"https:\\\/\\\/its-norway.no\\\/en\\\/?s={search_term_string}\"},\"query-input\":{\"@type\":\"PropertyValueSpecification\",\"valueRequired\":true,\"valueName\":\"search_term_string\"}}],\"inLanguage\":\"en-US\"}]}<\/script>\n<!-- \/ Yoast SEO plugin. -->","yoast_head_json":{"title":"Nordic+ Mobility Ecosystems \u2013 Den mest integrerte og b\u00e6rekraftige regionen i verden - ITS Norway","robots":{"index":"index","follow":"follow","max-snippet":"max-snippet:-1","max-image-preview":"max-image-preview:large","max-video-preview":"max-video-preview:-1"},"canonical":"https:\/\/its-norway.no\/en\/medlemskap-i-its-norge\/nordic-mobility\/","og_locale":"en_US","og_type":"article","og_title":"Nordic+ Mobility Ecosystems \u2013 Den mest integrerte og b\u00e6rekraftige regionen i verden - ITS Norway","og_description":"De kombinerte nordiske ITS-foreninger teller 400 medlemmer og vil danne grunnlaget for dette initiativet. Medlemmene i nettverket inkluderer representanter fra...","og_url":"https:\/\/its-norway.no\/en\/medlemskap-i-its-norge\/nordic-mobility\/","og_site_name":"ITS Norway","article_modified_time":"2025-01-15T14:10:41+00:00","twitter_card":"summary_large_image","twitter_misc":{"Est. reading time":"1 minute"},"schema":{"@context":"https:\/\/schema.org","@graph":[{"@type":"WebPage","@id":"https:\/\/its-norway.no\/en\/medlemskap-i-its-norge\/nordic-mobility\/","url":"https:\/\/its-norway.no\/en\/medlemskap-i-its-norge\/nordic-mobility\/","name":"Nordic+ Mobility Ecosystems \u2013 Den mest integrerte og b\u00e6rekraftige regionen i verden - ITS Norway","isPartOf":{"@id":"https:\/\/its-norway.no\/en\/#website"},"datePublished":"2021-01-10T18:09:31+00:00","dateModified":"2025-01-15T14:10:41+00:00","breadcrumb":{"@id":"https:\/\/its-norway.no\/en\/medlemskap-i-its-norge\/nordic-mobility\/#breadcrumb"},"inLanguage":"en-US","potentialAction":[{"@type":"ReadAction","target":["https:\/\/its-norway.no\/en\/medlemskap-i-its-norge\/nordic-mobility\/"]}]},{"@type":"BreadcrumbList","@id":"https:\/\/its-norway.no\/en\/medlemskap-i-its-norge\/nordic-mobility\/#breadcrumb","itemListElement":[{"@type":"ListItem","position":1,"name":"Hjem","item":"https:\/\/its-norway.no\/en\/"},{"@type":"ListItem","position":2,"name":"Bli medlem i ITS Norway","item":"https:\/\/its-norway.no\/en\/medlemskap-i-its-norge\/"},{"@type":"ListItem","position":3,"name":"Nordic+ Mobility Ecosystems \u2013 Den mest integrerte og b\u00e6rekraftige regionen i verden"}]},{"@type":"WebSite","@id":"https:\/\/its-norway.no\/en\/#website","url":"https:\/\/its-norway.no\/en\/","name":"ITS Norway","description":"Intelligente transportsystemer","potentialAction":[{"@type":"SearchAction","target":{"@type":"EntryPoint","urlTemplate":"https:\/\/its-norway.no\/en\/?s={search_term_string}"},"query-input":{"@type":"PropertyValueSpecification","valueRequired":true,"valueName":"search_term_string"}}],"inLanguage":"en-US"}]}},"_links":{"self":[{"href":"https:\/\/its-norway.no\/en\/wp-json\/wp\/v2\/pages\/2687","targetHints":{"allow":["GET"]}}],"collection":[{"href":"https:\/\/its-norway.no\/en\/wp-json\/wp\/v2\/pages"}],"about":[{"href":"https:\/\/its-norway.no\/en\/wp-json\/wp\/v2\/types\/page"}],"author":[{"embeddable":true,"href":"https:\/\/its-norway.no\/en\/wp-json\/wp\/v2\/users\/11"}],"replies":[{"embeddable":true,"href":"https:\/\/its-norway.no\/en\/wp-json\/wp\/v2\/comments?post=2687"}],"version-history":[{"count":206,"href":"https:\/\/its-norway.no\/en\/wp-json\/wp\/v2\/pages\/2687\/revisions"}],"predecessor-version":[{"id":10533,"href":"https:\/\/its-norway.no\/en\/wp-json\/wp\/v2\/pages\/2687\/revisions\/10533"}],"up":[{"embeddable":true,"href":"https:\/\/its-norway.no\/en\/wp-json\/wp\/v2\/pages\/287"}],"wp:attachment":[{"href":"https:\/\/its-norway.no\/en\/wp-json\/wp\/v2\/media?parent=2687"}],"curies":[{"name":"wp","href":"https:\/\/api.w.org\/{rel}","templated":true}]}}