{"id":2742,"date":"2021-01-11T22:22:47","date_gmt":"2021-01-11T21:22:47","guid":{"rendered":"https:\/\/its-norway.no\/?page_id=2742"},"modified":"2025-09-09T10:42:34","modified_gmt":"2025-09-09T08:42:34","slug":"hva-er-its","status":"publish","type":"page","link":"https:\/\/its-norway.no\/en\/its-norge-intelligente-transportsystemer\/hva-er-its\/","title":{"rendered":"Hva er ITS?"},"content":{"rendered":"\n      <div class=\"grid grid-cols-1 lg:grid-cols-2 gap-14 items-center h-full lg:py-16\">\n\n              <div class=\"order-2 lg:order-1 txt-img-lr flex flex-col gap-4\">\n                      <h2 class=\"text-lg lg:text-xl2 leading-7 lg:leading-[38.4px] text-primaryDarkBlue-200 font-medium mb-4\">\n              Trafikkoverv\u00e5king og trafikkstyring            <\/h2>\n          \n                      <div class=\"order-1 lg:order-2 font-normal text-sm lg:text-base leading-[140%] tracking-[0.01em] space-y-4\">\n            <p>I vegsektoren begynte ITS p\u00e5 nittitallet som implementering av f\u00f8rerst\u00f8ttesystemer som ABS-bremser, GPS-basert navigasjonshjelpemiddel og Advanced Driver Assistant Systems (ADAS) i biler, og som forbedret trafikkoverv\u00e5king og trafikkstyring for vegadministrasjonene.<\/p>\n<p>Det som n\u00e5 kalles mainstream ITS, brukes n\u00e5 av vegtrafikksentralene som styringsverkt\u00f8y for veier, tunneler, broer og fjelloverganger i alle de nordiske landene. Selv om ITS Amerika ble etablert i 1991, utviklet ITS seg mange steder det f\u00f8rste ti\u00e5ret under andre begreper, og f\u00f8rst p\u00e5 2000-tallet ble ITS et vanlig begrep i store Europa.<\/p>\n            <\/div>\n                  <\/div>\n      \n              <div class=\"rounded-2.5xl overflow-hidden\">\n          <img decoding=\"async\" src=\"https:\/\/its-norway.no\/wp-content\/uploads\/2022\/03\/Teknologi.svg\"  alt=\"Image\" class=\"mx-auto lg:mx-none\">\n        <\/div>\n          <\/div>\n  \n\n\n<div style=\"height:50px\" aria-hidden=\"true\" class=\"wp-block-spacer\"><\/div>\n\n\n\n      <div class=\"grid grid-cols-1 lg:grid-cols-2 gap-14 items-center h-full lg:py-16\">\n\n              <div class=\"order-1 lg:order-2 rounded-2.5xl overflow-hidden\">\n          <img decoding=\"async\" src=\"https:\/\/its-norway.no\/wp-content\/uploads\/2022\/01\/T-bane-1.svg\" alt=\"Image\" class=\"mx-auto lg:mx-none\">\n        <\/div>\n      \n              <div class=\"order-2 lg:order-1 txt-img-lr flex flex-col gap-4\">\n                      <h2 class=\"text-lg lg:text-xl2 leading-7 lg:leading-[38.4px] text-primaryDarkBlue-200 font-medium mb-4\">\n              Ikke bare vei \u2013 ITS er multimodalt            <\/h2>\n          \n                      <div class=\"font-normal text-sm lg:text-base space-y-4 leading-[140%] tracking-[0.01em]\">\n              <p>I jernbanesektoren begynte fjernstyring av tog allerede p\u00e5 f\u00f8rtitallet, og dagens system for automatisk togkontroll ble introdusert i Norge sent p\u00e5 syttitallet etter storulykken p\u00e5\/i Tretten. I dag representerer det nye signalsystemet for jernbanen ERTMS den st\u00f8rste enkeltst\u00e5ende ITS-satsingen innen jernbanen, og omtales ofte som jernbanens digitale revolusjon.<\/p>\n<p>Teknologien i den maritime sektor utviklet seg under andre navn og begreper helt frem til 2010 f\u00f8r begrepet ITS begynte \u00e5 bli brukt. I Norge har det vi i dag kaller for Maritim ITS v\u00e6rt utviklet i minst 20 \u00e5r og har resultert i utvikling av egne overv\u00e5kningssatellitter, meldingssystemer mellom skip og land, og lagt grunnlaget for de f\u00f8rste automatisk skipsoperasjoner.<\/p>\n<p>Luftfarten har alltid v\u00e6rt i en egen divisjon. Som for de maritime sektorer utvikler den seg under et internasjonalt regelverk og har i derfor v\u00e6rt sterk avhengig av utenlandske akt\u00f8rer. Ikke desto mindre, Norske luftfartsmilj\u00f8er har v\u00e6rt toneangivende p\u00e5 flere omr\u00e5der innenfor flysikkerhet. Selv om disse omr\u00e5dene kan regnes som ITS for luftfart, benyttes ikke begrepet i noen s\u00e6rlig grad i denne sektoren.<\/p>\n            <\/div>\n                  <\/div>\n          <\/div>\n  \n\n\n<div style=\"height:50px\" aria-hidden=\"true\" class=\"wp-block-spacer\"><\/div>\n\n\n\n      <div class=\"grid grid-cols-1 lg:grid-cols-2 gap-14 items-center h-full lg:py-16\">\n\n              <div class=\"order-2 lg:order-1 txt-img-lr flex flex-col gap-4\">\n                      <h2 class=\"text-lg lg:text-xl2 leading-7 lg:leading-[38.4px] text-primaryDarkBlue-200 font-medium mb-4\">\n              Et st\u00f8rre helhetlig mobilitetstilbud            <\/h2>\n          \n                      <div class=\"order-1 lg:order-2 font-normal text-sm lg:text-base leading-[140%] tracking-[0.01em] space-y-4\">\n            <p>Mobilitetstjenester vil se samme utviklingslinje. Stadig flere transportleverand\u00f8rer (offentlig transport, taxier, utleie, sykler og mikromobilitet) vil integrere sine tjenester p\u00e5 en s\u00f8ml\u00f8s m\u00e5te til fordel for den reisende. ITS-direktivet st\u00f8tter ogs\u00e5 utviklingen av integrerte mobilitetstjenester \/ Mobility as a Service MaaS og flyten av transportdata vil dermed se en lignende grad av standardisering .<\/p>\n<p>For tiden er kanskje de mest interessante og nye omr\u00e5dene for ITS utvikling i navene\/knutepunkt i transportkjeden, terminaler, havner, stasjoner og holdeplasser. Det er et stadig \u00f8kende fokus p\u00e5 \u00e5 \u00f8ke effektiviteten i disse nodene, og ITS-begrepet brukes stadig oftere om teknologi som utvikles for \u00e5 underst\u00f8tte dette.<\/p>\n<p>B\u00e5de for de forskjellige transportformene og knutepunkt er det to teknologiomr\u00e5der innenfor ITS: Mobilitet og C-ITS (kommunikasjon mellom kj\u00f8ret\u00f8y og infrastruktur). Mens mobilitetsteknologi bidrar til forenkling av passasjer- og godstransport, representerer C-ITS neste generasjons trafikkoverv\u00e5kning og styring.<\/p>\n            <\/div>\n                  <\/div>\n      \n              <div class=\"rounded-2.5xl overflow-hidden\">\n          <img decoding=\"async\" src=\"https:\/\/its-norway.no\/wp-content\/uploads\/2022\/01\/Onestop-logistikk-1.svg\"  alt=\"Image\" class=\"mx-auto lg:mx-none\">\n        <\/div>\n          <\/div>\n  \n\n\n      <div class=\"grid grid-cols-1 lg:grid-cols-2 gap-14 items-center h-full lg:py-16\">\n\n              <div class=\"order-1 lg:order-2 rounded-2.5xl overflow-hidden\">\n          <img decoding=\"async\" src=\"https:\/\/its-norway.no\/wp-content\/uploads\/2022\/01\/T-bane-1.svg\" alt=\"Image\" class=\"mx-auto lg:mx-none\">\n        <\/div>\n      \n              <div class=\"order-2 lg:order-1 txt-img-lr flex flex-col gap-4\">\n                      <h2 class=\"text-lg lg:text-xl2 leading-7 lg:leading-[38.4px] text-primaryDarkBlue-200 font-medium mb-4\">\n              Standardisering            <\/h2>\n          \n                      <div class=\"font-normal text-sm lg:text-base space-y-4 leading-[140%] tracking-[0.01em]\">\n              <p>Det er en \u00f8kende interesse fra myndighetene for hvordan ITS kan bidra til en mer effektiv, sikker og klimavennlig transport av gods og mennesker. ITS Norway arbeider med \u00e5 kartlegge verdiskapingen fra ITS-bransjen og er opptatt av at bransjen samordner teknologibruk p\u00e5 tvers av de enkelte transportformer og arbeider med at ogs\u00e5 NTP (Nasjonal Transportplan) er tydelig p\u00e5 at teknologi er viktig for utvikling av bransjen.<\/p>\n<p>Innen ITS-standardisering er det de tre standardiseringsorganene CEN, ETSI og ISO som er spesielt relevant. Hvert standardiseringsorgan best\u00e5r av en rekke tekniske komiteer som utvikler standarder innen sine spesielle felt. Innen de tre nevnte organisasjoner er det de tekniske komiteene CEN TC 278, ETSI TC ITS og ISO TC 204 som er spesielt relevant for ITS. CEN og ETSI er europeiske standardiseringsorganisasjoner og som s\u00e5dan spesielt interessante, siden EU har spesiell fokus p\u00e5 europeisk lovgiving og regulering. Det er blitt etablert en europeisk koordineringsgruppe (ITS Coordination Group, ITS-CG) mellom CEN og ETSI for \u00e5 koordinere standardiseringen innen CEN og ETSI. P\u00e5 siden finner du et utvalg av relevante nettsteder som omhandler standardisering og ITS. Vedr\u00f8rende sp\u00f8rsm\u00e5l om standardisering innen dette fagomr\u00e5det, kan vi i ITS Norway v\u00e6re behjelpelig med \u00e5 bruke v\u00e5rt nettverk til \u00e5 formidle din foresp\u00f8rsel videre eller gi deg r\u00e5d om hvem som kan hjelpe deg videre.<\/p>\n<p>EU tilpasser for tiden ITS lovgivning for \u00e5 effektivisere b\u00e5de mobilitet og automatisering av sektoren. Etter implementering av ITS-direktivet, vil alle systemer som v\u00e6re interoperable og fungere som \u00absamarbeidende systemer\u00bb. I fremtiden vil det samme settet med standarder brukes i biler, i veiutstyr, i veimeldingstjensten og p\u00e5 alles h\u00e5ndholdte enheter.<\/p>\n<p>Data og tjenester vil flyte fritt og sikkert mellom alle mobilitets akt\u00f8rer. Loven vil bidra til raskere implementering av ITS og blir en del av norsk lov igjennom E\u00d8S-avtalen. ITS Norway f\u00f8lger godt med p\u00e5 denne regulatoriske utviklingen og jobber bla med deling av offentlige og private data \u2013 data skal frigis og v\u00e6re tilgjengelig i sanntid.<\/p>\n            <\/div>\n                  <\/div>\n          <\/div>\n  ","protected":false},"excerpt":{"rendered":"","protected":false},"author":4,"featured_media":0,"parent":6,"menu_order":3,"comment_status":"closed","ping_status":"closed","template":"","meta":{"_acf_changed":false,"footnotes":""},"class_list":["post-2742","page","type-page","status-publish","hentry"],"acf":[],"yoast_head":"<!-- This site is optimized with the Yoast SEO plugin v27.3 - https:\/\/yoast.com\/product\/yoast-seo-wordpress\/ -->\n<title>Hva er ITS? - ITS Norway<\/title>\n<meta name=\"robots\" content=\"index, follow, max-snippet:-1, max-image-preview:large, max-video-preview:-1\" \/>\n<link rel=\"canonical\" href=\"https:\/\/its-norway.no\/en\/its-norge-intelligente-transportsystemer\/hva-er-its\/\" \/>\n<meta property=\"og:locale\" content=\"en_US\" \/>\n<meta property=\"og:type\" content=\"article\" \/>\n<meta property=\"og:title\" content=\"Hva er ITS? - ITS Norway\" \/>\n<meta property=\"og:url\" content=\"https:\/\/its-norway.no\/en\/its-norge-intelligente-transportsystemer\/hva-er-its\/\" \/>\n<meta property=\"og:site_name\" content=\"ITS Norway\" \/>\n<meta property=\"article:modified_time\" content=\"2025-09-09T08:42:34+00:00\" \/>\n<meta name=\"twitter:card\" content=\"summary_large_image\" \/>\n<meta name=\"twitter:label1\" content=\"Est. reading time\" \/>\n\t<meta name=\"twitter:data1\" content=\"1 minute\" \/>\n<script type=\"application\/ld+json\" class=\"yoast-schema-graph\">{\"@context\":\"https:\\\/\\\/schema.org\",\"@graph\":[{\"@type\":\"WebPage\",\"@id\":\"https:\\\/\\\/its-norway.no\\\/en\\\/its-norge-intelligente-transportsystemer\\\/hva-er-its\\\/\",\"url\":\"https:\\\/\\\/its-norway.no\\\/en\\\/its-norge-intelligente-transportsystemer\\\/hva-er-its\\\/\",\"name\":\"Hva er ITS? - ITS Norway\",\"isPartOf\":{\"@id\":\"https:\\\/\\\/its-norway.no\\\/en\\\/#website\"},\"datePublished\":\"2021-01-11T21:22:47+00:00\",\"dateModified\":\"2025-09-09T08:42:34+00:00\",\"breadcrumb\":{\"@id\":\"https:\\\/\\\/its-norway.no\\\/en\\\/its-norge-intelligente-transportsystemer\\\/hva-er-its\\\/#breadcrumb\"},\"inLanguage\":\"en-US\",\"potentialAction\":[{\"@type\":\"ReadAction\",\"target\":[\"https:\\\/\\\/its-norway.no\\\/en\\\/its-norge-intelligente-transportsystemer\\\/hva-er-its\\\/\"]}]},{\"@type\":\"BreadcrumbList\",\"@id\":\"https:\\\/\\\/its-norway.no\\\/en\\\/its-norge-intelligente-transportsystemer\\\/hva-er-its\\\/#breadcrumb\",\"itemListElement\":[{\"@type\":\"ListItem\",\"position\":1,\"name\":\"Hjem\",\"item\":\"https:\\\/\\\/its-norway.no\\\/en\\\/\"},{\"@type\":\"ListItem\",\"position\":2,\"name\":\"Om ITS Norway\",\"item\":\"https:\\\/\\\/its-norway.no\\\/en\\\/its-norge-intelligente-transportsystemer\\\/\"},{\"@type\":\"ListItem\",\"position\":3,\"name\":\"Hva er ITS?\"}]},{\"@type\":\"WebSite\",\"@id\":\"https:\\\/\\\/its-norway.no\\\/en\\\/#website\",\"url\":\"https:\\\/\\\/its-norway.no\\\/en\\\/\",\"name\":\"ITS Norway\",\"description\":\"Intelligente transportsystemer\",\"potentialAction\":[{\"@type\":\"SearchAction\",\"target\":{\"@type\":\"EntryPoint\",\"urlTemplate\":\"https:\\\/\\\/its-norway.no\\\/en\\\/?s={search_term_string}\"},\"query-input\":{\"@type\":\"PropertyValueSpecification\",\"valueRequired\":true,\"valueName\":\"search_term_string\"}}],\"inLanguage\":\"en-US\"}]}<\/script>\n<!-- \/ Yoast SEO plugin. -->","yoast_head_json":{"title":"Hva er ITS? - ITS Norway","robots":{"index":"index","follow":"follow","max-snippet":"max-snippet:-1","max-image-preview":"max-image-preview:large","max-video-preview":"max-video-preview:-1"},"canonical":"https:\/\/its-norway.no\/en\/its-norge-intelligente-transportsystemer\/hva-er-its\/","og_locale":"en_US","og_type":"article","og_title":"Hva er ITS? - ITS Norway","og_url":"https:\/\/its-norway.no\/en\/its-norge-intelligente-transportsystemer\/hva-er-its\/","og_site_name":"ITS Norway","article_modified_time":"2025-09-09T08:42:34+00:00","twitter_card":"summary_large_image","twitter_misc":{"Est. reading time":"1 minute"},"schema":{"@context":"https:\/\/schema.org","@graph":[{"@type":"WebPage","@id":"https:\/\/its-norway.no\/en\/its-norge-intelligente-transportsystemer\/hva-er-its\/","url":"https:\/\/its-norway.no\/en\/its-norge-intelligente-transportsystemer\/hva-er-its\/","name":"Hva er ITS? - ITS Norway","isPartOf":{"@id":"https:\/\/its-norway.no\/en\/#website"},"datePublished":"2021-01-11T21:22:47+00:00","dateModified":"2025-09-09T08:42:34+00:00","breadcrumb":{"@id":"https:\/\/its-norway.no\/en\/its-norge-intelligente-transportsystemer\/hva-er-its\/#breadcrumb"},"inLanguage":"en-US","potentialAction":[{"@type":"ReadAction","target":["https:\/\/its-norway.no\/en\/its-norge-intelligente-transportsystemer\/hva-er-its\/"]}]},{"@type":"BreadcrumbList","@id":"https:\/\/its-norway.no\/en\/its-norge-intelligente-transportsystemer\/hva-er-its\/#breadcrumb","itemListElement":[{"@type":"ListItem","position":1,"name":"Hjem","item":"https:\/\/its-norway.no\/en\/"},{"@type":"ListItem","position":2,"name":"Om ITS Norway","item":"https:\/\/its-norway.no\/en\/its-norge-intelligente-transportsystemer\/"},{"@type":"ListItem","position":3,"name":"Hva er ITS?"}]},{"@type":"WebSite","@id":"https:\/\/its-norway.no\/en\/#website","url":"https:\/\/its-norway.no\/en\/","name":"ITS Norway","description":"Intelligente transportsystemer","potentialAction":[{"@type":"SearchAction","target":{"@type":"EntryPoint","urlTemplate":"https:\/\/its-norway.no\/en\/?s={search_term_string}"},"query-input":{"@type":"PropertyValueSpecification","valueRequired":true,"valueName":"search_term_string"}}],"inLanguage":"en-US"}]}},"_links":{"self":[{"href":"https:\/\/its-norway.no\/en\/wp-json\/wp\/v2\/pages\/2742","targetHints":{"allow":["GET"]}}],"collection":[{"href":"https:\/\/its-norway.no\/en\/wp-json\/wp\/v2\/pages"}],"about":[{"href":"https:\/\/its-norway.no\/en\/wp-json\/wp\/v2\/types\/page"}],"author":[{"embeddable":true,"href":"https:\/\/its-norway.no\/en\/wp-json\/wp\/v2\/users\/4"}],"replies":[{"embeddable":true,"href":"https:\/\/its-norway.no\/en\/wp-json\/wp\/v2\/comments?post=2742"}],"version-history":[{"count":79,"href":"https:\/\/its-norway.no\/en\/wp-json\/wp\/v2\/pages\/2742\/revisions"}],"predecessor-version":[{"id":11921,"href":"https:\/\/its-norway.no\/en\/wp-json\/wp\/v2\/pages\/2742\/revisions\/11921"}],"up":[{"embeddable":true,"href":"https:\/\/its-norway.no\/en\/wp-json\/wp\/v2\/pages\/6"}],"wp:attachment":[{"href":"https:\/\/its-norway.no\/en\/wp-json\/wp\/v2\/media?parent=2742"}],"curies":[{"name":"wp","href":"https:\/\/api.w.org\/{rel}","templated":true}]}}